{"id":4878,"date":"2023-02-23T11:11:14","date_gmt":"2023-02-23T11:11:14","guid":{"rendered":"https:\/\/preventiss-co.fr\/?page_id=4878"},"modified":"2024-01-08T14:56:54","modified_gmt":"2024-01-08T14:56:54","slug":"mentions-legales","status":"publish","type":"page","link":"https:\/\/preventiss-co.fr\/index.php\/mentions-legales\/","title":{"rendered":"Mentions l\u00e9gales"},"content":{"rendered":"\t\t<div data-elementor-type=\"wp-page\" data-elementor-id=\"4878\" class=\"elementor elementor-4878\">\n\t\t\t\t\t\t<section class=\"elementor-section elementor-top-section elementor-element elementor-element-708dbf7 elementor-section-stretched elementor-section-boxed elementor-section-height-default elementor-section-height-default\" data-id=\"708dbf7\" data-element_type=\"section\" data-e-type=\"section\" data-settings=\"{&quot;stretch_section&quot;:&quot;section-stretched&quot;}\">\n\t\t\t\t\t\t<div class=\"elementor-container elementor-column-gap-default\">\n\t\t\t\t\t<div class=\"elementor-column elementor-col-100 elementor-top-column elementor-element elementor-element-8f882dd\" data-id=\"8f882dd\" data-element_type=\"column\" data-e-type=\"column\">\n\t\t\t<div class=\"elementor-widget-wrap elementor-element-populated\">\n\t\t\t\t\t\t<div class=\"elementor-element elementor-element-144a582 elementor-widget elementor-widget-heading\" data-id=\"144a582\" data-element_type=\"widget\" data-e-type=\"widget\" data-widget_type=\"heading.default\">\n\t\t\t\t<div class=\"elementor-widget-container\">\n\t\t\t\t\t<h2 class=\"elementor-heading-title elementor-size-default\">MENTIONS L\u00c9GALES<\/h2>\t\t\t\t<\/div>\n\t\t\t\t<\/div>\n\t\t\t\t\t<\/div>\n\t\t<\/div>\n\t\t\t\t\t<\/div>\n\t\t<\/section>\n\t\t\t\t<section class=\"elementor-section elementor-top-section elementor-element elementor-element-eaa7ca9 elementor-section-stretched elementor-section-boxed elementor-section-height-default elementor-section-height-default\" data-id=\"eaa7ca9\" data-element_type=\"section\" data-e-type=\"section\" data-settings=\"{&quot;stretch_section&quot;:&quot;section-stretched&quot;}\">\n\t\t\t\t\t\t<div class=\"elementor-container elementor-column-gap-default\">\n\t\t\t\t\t<div class=\"elementor-column elementor-col-100 elementor-top-column elementor-element elementor-element-32a8587\" data-id=\"32a8587\" data-element_type=\"column\" data-e-type=\"column\">\n\t\t\t<div class=\"elementor-widget-wrap elementor-element-populated\">\n\t\t\t\t\t\t<div class=\"elementor-element elementor-element-c19a1b1 elementor-widget elementor-widget-heading\" data-id=\"c19a1b1\" data-element_type=\"widget\" data-e-type=\"widget\" data-widget_type=\"heading.default\">\n\t\t\t\t<div class=\"elementor-widget-container\">\n\t\t\t\t\t<h2 class=\"elementor-heading-title elementor-size-default\">IDENTIFICATION<\/h2>\t\t\t\t<\/div>\n\t\t\t\t<\/div>\n\t\t\t\t<div class=\"elementor-element elementor-element-4f0d322 elementor-widget elementor-widget-text-editor\" data-id=\"4f0d322\" data-element_type=\"widget\" data-e-type=\"widget\" data-widget_type=\"text-editor.default\">\n\t\t\t\t<div class=\"elementor-widget-container\">\n\t\t\t\t\t\t\t\t\t<p>Le site\u00a0<u><a href=\"https:\/\/preventis-co.fr\/\">https:\/\/preventis-co.fr\/<\/a><\/u>\u00a0est \u00e9dit\u00e9 par la soci\u00e9t\u00e9 PREVENTISS &amp; CO<br \/>Si\u00e8ge sociale : 272 rue du Forez, 42600 MAGNEUX HAUTE RIVE<br \/>T\u00e9l. 06 83 01 42 08<\/p><p>SA au capital de 1 000 \u20ac<\/p><p>RCS SAINT-\u00c9TIENNE 948 509 740<\/p><p>SIRET : 948 509 740 00015<br \/>APE : 8559B<\/p><p>La directeur de la publication du site est Philippe BARBIER, g\u00e9rant de la soci\u00e9t\u00e9.<\/p><p>Le prestataire assurant l\u2019h\u00e9bergement du site\u00a0<u><a href=\"https:\/\/preventis-co.fr\/\">https:\/\/preventis-co.fr\/<\/a><\/u>\u00a0\u00a0est :<br \/>HOSTINGER \u00a0&#8211; 143 Rue Emile Julien, 34070 Montpellier, France. T\u00e9l : 08 92 97 70 93.<\/p><p>Ce site est r\u00e9gi par les lois fran\u00e7aises.<br \/>L\u2019\u00e9diteur du site se r\u00e9serve le droit de modifier sans pr\u00e9avis le contenu des pr\u00e9sentes mentions l\u00e9gales \u00e0 tout moment.<\/p><p>Cr\u00e9dit photo : CANVA ou PREVENTISS &amp; CO.<\/p>\t\t\t\t\t\t\t\t<\/div>\n\t\t\t\t<\/div>\n\t\t\t\t\t<\/div>\n\t\t<\/div>\n\t\t\t\t\t<\/div>\n\t\t<\/section>\n\t\t\t\t<section class=\"elementor-section elementor-top-section elementor-element elementor-element-ea08bf0 elementor-section-stretched elementor-section-boxed elementor-section-height-default elementor-section-height-default\" data-id=\"ea08bf0\" data-element_type=\"section\" data-e-type=\"section\" data-settings=\"{&quot;stretch_section&quot;:&quot;section-stretched&quot;}\">\n\t\t\t\t\t\t<div class=\"elementor-container elementor-column-gap-default\">\n\t\t\t\t\t<div class=\"elementor-column elementor-col-100 elementor-top-column elementor-element elementor-element-821b063\" data-id=\"821b063\" data-element_type=\"column\" data-e-type=\"column\">\n\t\t\t<div class=\"elementor-widget-wrap elementor-element-populated\">\n\t\t\t\t\t\t<div class=\"elementor-element elementor-element-4120b45 elementor-widget elementor-widget-heading\" data-id=\"4120b45\" data-element_type=\"widget\" data-e-type=\"widget\" data-widget_type=\"heading.default\">\n\t\t\t\t<div class=\"elementor-widget-container\">\n\t\t\t\t\t<h2 class=\"elementor-heading-title elementor-size-default\">INFORMATIQUE ET LIBERT\u00c9S<\/h2>\t\t\t\t<\/div>\n\t\t\t\t<\/div>\n\t\t\t\t<div class=\"elementor-element elementor-element-128857a elementor-widget elementor-widget-text-editor\" data-id=\"128857a\" data-element_type=\"widget\" data-e-type=\"widget\" data-widget_type=\"text-editor.default\">\n\t\t\t\t<div class=\"elementor-widget-container\">\n\t\t\t\t\t\t\t\t\t<p>Dans le respect de votre vie priv\u00e9e ce site n\u2019utilise pas de services tiers susceptibles de se servir de cookies.<br \/>Plus d\u2019informations sur les cookies\u00a0<a href=\"https:\/\/www.cnil.fr\/fr\/cookies-les-outils-pour-les-maitriser\">sur le site de la Cnil<\/a>.<\/p>\t\t\t\t\t\t\t\t<\/div>\n\t\t\t\t<\/div>\n\t\t\t\t\t<\/div>\n\t\t<\/div>\n\t\t\t\t\t<\/div>\n\t\t<\/section>\n\t\t\t\t<section class=\"elementor-section elementor-top-section elementor-element elementor-element-c15cdb0 elementor-section-stretched elementor-section-boxed elementor-section-height-default elementor-section-height-default\" data-id=\"c15cdb0\" data-element_type=\"section\" data-e-type=\"section\" data-settings=\"{&quot;stretch_section&quot;:&quot;section-stretched&quot;}\">\n\t\t\t\t\t\t<div class=\"elementor-container elementor-column-gap-default\">\n\t\t\t\t\t<div class=\"elementor-column elementor-col-100 elementor-top-column elementor-element elementor-element-fcd94ff\" data-id=\"fcd94ff\" data-element_type=\"column\" data-e-type=\"column\">\n\t\t\t<div class=\"elementor-widget-wrap elementor-element-populated\">\n\t\t\t\t\t\t<div class=\"elementor-element elementor-element-f3c7f99 elementor-widget elementor-widget-heading\" data-id=\"f3c7f99\" data-element_type=\"widget\" data-e-type=\"widget\" data-widget_type=\"heading.default\">\n\t\t\t\t<div class=\"elementor-widget-container\">\n\t\t\t\t\t<h2 class=\"elementor-heading-title elementor-size-default\">DONN\u00c9ES PERSONNELLES<\/h2>\t\t\t\t<\/div>\n\t\t\t\t<\/div>\n\t\t\t\t<div class=\"elementor-element elementor-element-c15e279 elementor-widget elementor-widget-text-editor\" data-id=\"c15e279\" data-element_type=\"widget\" data-e-type=\"widget\" data-widget_type=\"text-editor.default\">\n\t\t\t\t<div class=\"elementor-widget-container\">\n\t\t\t\t\t\t\t\t\t<p>Conform\u00e9ment au R\u00e8glement G\u00e9n\u00e9ral pour la Protection des Donn\u00e9es Europ\u00e9en (RGPD), nous vous informons que les donn\u00e9es \u00e9ventuellement transmises par vos soins via notre formulaire de contact :<\/p><p>&gt; Nous sont transmises par e-mail uniquement (pas de stockage sur le serveur du site)<br \/>&gt; Leur finalit\u00e9 consiste uniquement \u00e0 pouvoir r\u00e9pondre \u00e0 votre demande<br \/>&gt; Aucune information suppl\u00e9mentaire \u00ab non visible \u00bb n\u2019est r\u00e9cup\u00e9r\u00e9e lors de l\u2019utilisation du formulaire (adresse IP, \u2026) , elles ne sont donc jamais transmises \u00e0 des tiers<br \/>&gt; La dur\u00e9e maximale l\u00e9gale de conservation de ces donn\u00e9es est de 3 ans, mais suite \u00e0 la r\u00e9ponse apport\u00e9e \u00e0 votre demande elles sont g\u00e9n\u00e9ralement supprim\u00e9es.<br \/>Si ces donn\u00e9es n&rsquo;ont pas d\u00e9j\u00e0 \u00e9t\u00e9 supprim\u00e9es, vous avez la possibilit\u00e9 de nous demander la consultation \/ modification \/ suppression \/ export de ces donn\u00e9es \u00e0 tout moment en nous adressant un mail \u00e0 l\u2019adresse suivante : preventiss.co@gmail.com<\/p>\t\t\t\t\t\t\t\t<\/div>\n\t\t\t\t<\/div>\n\t\t\t\t\t<\/div>\n\t\t<\/div>\n\t\t\t\t\t<\/div>\n\t\t<\/section>\n\t\t\t\t<section class=\"elementor-section elementor-top-section elementor-element elementor-element-489f721 elementor-section-stretched elementor-section-boxed elementor-section-height-default elementor-section-height-default\" data-id=\"489f721\" data-element_type=\"section\" data-e-type=\"section\" data-settings=\"{&quot;stretch_section&quot;:&quot;section-stretched&quot;}\">\n\t\t\t\t\t\t<div class=\"elementor-container elementor-column-gap-default\">\n\t\t\t\t\t<div class=\"elementor-column elementor-col-100 elementor-top-column elementor-element elementor-element-22a5d54\" data-id=\"22a5d54\" data-element_type=\"column\" data-e-type=\"column\">\n\t\t\t<div class=\"elementor-widget-wrap elementor-element-populated\">\n\t\t\t\t\t\t<div class=\"elementor-element elementor-element-241cf49 elementor-widget elementor-widget-heading\" data-id=\"241cf49\" data-element_type=\"widget\" data-e-type=\"widget\" data-widget_type=\"heading.default\">\n\t\t\t\t<div class=\"elementor-widget-container\">\n\t\t\t\t\t<h2 class=\"elementor-heading-title elementor-size-default\">PROPRI\u00c9T\u00c9 INTELLECTUELLE<\/h2>\t\t\t\t<\/div>\n\t\t\t\t<\/div>\n\t\t\t\t<div class=\"elementor-element elementor-element-d10851a elementor-widget elementor-widget-text-editor\" data-id=\"d10851a\" data-element_type=\"widget\" data-e-type=\"widget\" data-widget_type=\"text-editor.default\">\n\t\t\t\t<div class=\"elementor-widget-container\">\n\t\t\t\t\t\t\t\t\t<p>L\u2019utilisateur s\u2019engage \u00e0 ne pas reproduire, r\u00e9sumer, modifier, alt\u00e9rer ou rediffuser, sans autorisation expresse pr\u00e9alable de l\u2019\u00e9diteur, quelque texte, titre, application, logo, marque, information ou illustration, pour un usage autre que strictement priv\u00e9, ce qui exclut toute repr\u00e9sentation \u00e0 des fins professionnelles ou de rediffusion en nombre. De m\u00eame, l\u2019utilisateur s\u2019engage \u00e0 ne pas recopier tout ou partie du site sur un autre site ou un r\u00e9seau interne d\u2019entreprise.<\/p>\t\t\t\t\t\t\t\t<\/div>\n\t\t\t\t<\/div>\n\t\t\t\t\t<\/div>\n\t\t<\/div>\n\t\t\t\t\t<\/div>\n\t\t<\/section>\n\t\t\t\t<section class=\"elementor-section elementor-top-section elementor-element elementor-element-bb01f83 elementor-section-stretched elementor-section-boxed elementor-section-height-default elementor-section-height-default\" data-id=\"bb01f83\" data-element_type=\"section\" data-e-type=\"section\" data-settings=\"{&quot;stretch_section&quot;:&quot;section-stretched&quot;}\">\n\t\t\t\t\t\t<div class=\"elementor-container elementor-column-gap-default\">\n\t\t\t\t\t<div class=\"elementor-column elementor-col-100 elementor-top-column elementor-element elementor-element-0fcd058\" data-id=\"0fcd058\" data-element_type=\"column\" data-e-type=\"column\">\n\t\t\t<div class=\"elementor-widget-wrap elementor-element-populated\">\n\t\t\t\t\t\t<div class=\"elementor-element elementor-element-8d43d07 elementor-widget elementor-widget-heading\" data-id=\"8d43d07\" data-element_type=\"widget\" data-e-type=\"widget\" data-widget_type=\"heading.default\">\n\t\t\t\t<div class=\"elementor-widget-container\">\n\t\t\t\t\t<h2 class=\"elementor-heading-title elementor-size-default\">CONDITIONS D'UTILISATION DU SITE<\/h2>\t\t\t\t<\/div>\n\t\t\t\t<\/div>\n\t\t\t\t<div class=\"elementor-element elementor-element-4011c58 elementor-widget elementor-widget-text-editor\" data-id=\"4011c58\" data-element_type=\"widget\" data-e-type=\"widget\" data-widget_type=\"text-editor.default\">\n\t\t\t\t<div class=\"elementor-widget-container\">\n\t\t\t\t\t\t\t\t\t<p>Vous consultez actuellement le site de l\u2019\u00e9tablissement PREVENTISS &amp; CO. L\u2019utilisation de ce site vaut acceptation des conditions d\u2019utilisation pr\u00e9sentes.<\/p>\t\t\t\t\t\t\t\t<\/div>\n\t\t\t\t<\/div>\n\t\t\t\t\t<\/div>\n\t\t<\/div>\n\t\t\t\t\t<\/div>\n\t\t<\/section>\n\t\t\t\t<section class=\"elementor-section elementor-top-section elementor-element elementor-element-48cf4d0 elementor-section-stretched elementor-section-boxed elementor-section-height-default elementor-section-height-default\" data-id=\"48cf4d0\" data-element_type=\"section\" data-e-type=\"section\" data-settings=\"{&quot;stretch_section&quot;:&quot;section-stretched&quot;}\">\n\t\t\t\t\t\t<div class=\"elementor-container elementor-column-gap-default\">\n\t\t\t\t\t<div class=\"elementor-column elementor-col-100 elementor-top-column elementor-element elementor-element-ff45b27\" data-id=\"ff45b27\" data-element_type=\"column\" data-e-type=\"column\">\n\t\t\t<div class=\"elementor-widget-wrap elementor-element-populated\">\n\t\t\t\t\t\t<div class=\"elementor-element elementor-element-84fb406 elementor-widget elementor-widget-heading\" data-id=\"84fb406\" data-element_type=\"widget\" data-e-type=\"widget\" data-widget_type=\"heading.default\">\n\t\t\t\t<div class=\"elementor-widget-container\">\n\t\t\t\t\t<h2 class=\"elementor-heading-title elementor-size-default\">CONTENU DU SITE<\/h2>\t\t\t\t<\/div>\n\t\t\t\t<\/div>\n\t\t\t\t<div class=\"elementor-element elementor-element-ca4d1b6 elementor-widget elementor-widget-text-editor\" data-id=\"ca4d1b6\" data-element_type=\"widget\" data-e-type=\"widget\" data-widget_type=\"text-editor.default\">\n\t\t\t\t<div class=\"elementor-widget-container\">\n\t\t\t\t\t\t\t\t\t<p>Le site, les textes, les images, les sons, les photos, les graphiques, les fichiers t\u00e9l\u00e9chargeables et plus g\u00e9n\u00e9ralement tous les objets contenus dans le site sont la propri\u00e9t\u00e9 exclusive de PREVENTISS &amp; CO ou de CANVA et\/ou des auteurs mentionn\u00e9s. Ce site et les \u00e9l\u00e9ments qui le composent constituent des \u0153uvres prot\u00e9g\u00e9es par la l\u00e9gislation fran\u00e7aise et les conventions internationales relatives au droit d\u2019auteur et \u00e0 la propri\u00e9t\u00e9 intellectuelle. La reproduction du site ou des \u00e9l\u00e9ments qui le composent pris individuellement est interdite sauf autorisation expresse pr\u00e9alable du directeur de publication. Pour toute reproduction autoris\u00e9e ou toute citation, devra \u00eatre mentionn\u00e9e le nom de l\u2019auteur et la source.<\/p>\t\t\t\t\t\t\t\t<\/div>\n\t\t\t\t<\/div>\n\t\t\t\t\t<\/div>\n\t\t<\/div>\n\t\t\t\t\t<\/div>\n\t\t<\/section>\n\t\t\t\t<section class=\"elementor-section elementor-top-section elementor-element elementor-element-66c34a4 elementor-section-boxed elementor-section-height-default elementor-section-height-default\" data-id=\"66c34a4\" data-element_type=\"section\" data-e-type=\"section\">\n\t\t\t\t\t\t<div class=\"elementor-container elementor-column-gap-default\">\n\t\t\t\t\t<div class=\"elementor-column elementor-col-100 elementor-top-column elementor-element elementor-element-1a1dcbb\" data-id=\"1a1dcbb\" data-element_type=\"column\" data-e-type=\"column\">\n\t\t\t<div class=\"elementor-widget-wrap elementor-element-populated\">\n\t\t\t\t\t\t\t<\/div>\n\t\t<\/div>\n\t\t\t\t\t<\/div>\n\t\t<\/section>\n\t\t\t\t<\/div>\n\t\t","protected":false},"excerpt":{"rendered":"<p>MENTIONS L\u00c9GALES IDENTIFICATION Le site\u00a0https:\/\/preventis-co.fr\/\u00a0est \u00e9dit\u00e9 par la soci\u00e9t\u00e9 PREVENTISS &amp; COSi\u00e8ge sociale : 272 rue du Forez, 42600 MAGNEUX HAUTE RIVET\u00e9l. 06 83 01 42 08 SA au capital de 1 000 \u20ac RCS SAINT-\u00c9TIENNE 948 509 740 SIRET : 948 509 740 00015APE : 8559B La directeur de la publication du site est [&hellip;]<\/p>\n","protected":false},"author":1,"featured_media":0,"parent":0,"menu_order":0,"comment_status":"closed","ping_status":"closed","template":"","meta":{"_seopress_robots_primary_cat":"","_seopress_titles_title":"","_seopress_titles_desc":"","_seopress_robots_index":"","ocean_post_layout":"","ocean_both_sidebars_style":"","ocean_both_sidebars_content_width":0,"ocean_both_sidebars_sidebars_width":0,"ocean_sidebar":"","ocean_second_sidebar":"","ocean_disable_margins":"enable","ocean_add_body_class":"","ocean_shortcode_before_top_bar":"","ocean_shortcode_after_top_bar":"","ocean_shortcode_before_header":"","ocean_shortcode_after_header":"","ocean_has_shortcode":"","ocean_shortcode_after_title":"","ocean_shortcode_before_footer_widgets":"","ocean_shortcode_after_footer_widgets":"","ocean_shortcode_before_footer_bottom":"","ocean_shortcode_after_footer_bottom":"","ocean_display_top_bar":"default","ocean_display_header":"default","ocean_header_style":"","ocean_center_header_left_menu":"","ocean_custom_header_template":"","ocean_custom_logo":0,"ocean_custom_retina_logo":0,"ocean_custom_logo_max_width":0,"ocean_custom_logo_tablet_max_width":0,"ocean_custom_logo_mobile_max_width":0,"ocean_custom_logo_max_height":0,"ocean_custom_logo_tablet_max_height":0,"ocean_custom_logo_mobile_max_height":0,"ocean_header_custom_menu":"","ocean_menu_typo_font_family":"","ocean_menu_typo_font_subset":"","ocean_menu_typo_font_size":0,"ocean_menu_typo_font_size_tablet":0,"ocean_menu_typo_font_size_mobile":0,"ocean_menu_typo_font_size_unit":"px","ocean_menu_typo_font_weight":"","ocean_menu_typo_font_weight_tablet":"","ocean_menu_typo_font_weight_mobile":"","ocean_menu_typo_transform":"","ocean_menu_typo_transform_tablet":"","ocean_menu_typo_transform_mobile":"","ocean_menu_typo_line_height":0,"ocean_menu_typo_line_height_tablet":0,"ocean_menu_typo_line_height_mobile":0,"ocean_menu_typo_line_height_unit":"","ocean_menu_typo_spacing":0,"ocean_menu_typo_spacing_tablet":0,"ocean_menu_typo_spacing_mobile":0,"ocean_menu_typo_spacing_unit":"","ocean_menu_link_color":"","ocean_menu_link_color_hover":"","ocean_menu_link_color_active":"","ocean_menu_link_background":"","ocean_menu_link_hover_background":"","ocean_menu_link_active_background":"","ocean_menu_social_links_bg":"","ocean_menu_social_hover_links_bg":"","ocean_menu_social_links_color":"","ocean_menu_social_hover_links_color":"","ocean_disable_title":"default","ocean_disable_heading":"default","ocean_post_title":"","ocean_post_subheading":"","ocean_post_title_style":"","ocean_post_title_background_color":"","ocean_post_title_background":0,"ocean_post_title_bg_image_position":"","ocean_post_title_bg_image_attachment":"","ocean_post_title_bg_image_repeat":"","ocean_post_title_bg_image_size":"","ocean_post_title_height":0,"ocean_post_title_bg_overlay":0.5,"ocean_post_title_bg_overlay_color":"","ocean_disable_breadcrumbs":"default","ocean_breadcrumbs_color":"","ocean_breadcrumbs_separator_color":"","ocean_breadcrumbs_links_color":"","ocean_breadcrumbs_links_hover_color":"","ocean_display_footer_widgets":"default","ocean_display_footer_bottom":"default","ocean_custom_footer_template":"","footnotes":""},"class_list":["post-4878","page","type-page","status-publish","hentry","entry"],"_links":{"self":[{"href":"https:\/\/preventiss-co.fr\/index.php\/wp-json\/wp\/v2\/pages\/4878","targetHints":{"allow":["GET"]}}],"collection":[{"href":"https:\/\/preventiss-co.fr\/index.php\/wp-json\/wp\/v2\/pages"}],"about":[{"href":"https:\/\/preventiss-co.fr\/index.php\/wp-json\/wp\/v2\/types\/page"}],"author":[{"embeddable":true,"href":"https:\/\/preventiss-co.fr\/index.php\/wp-json\/wp\/v2\/users\/1"}],"replies":[{"embeddable":true,"href":"https:\/\/preventiss-co.fr\/index.php\/wp-json\/wp\/v2\/comments?post=4878"}],"version-history":[{"count":82,"href":"https:\/\/preventiss-co.fr\/index.php\/wp-json\/wp\/v2\/pages\/4878\/revisions"}],"predecessor-version":[{"id":8591,"href":"https:\/\/preventiss-co.fr\/index.php\/wp-json\/wp\/v2\/pages\/4878\/revisions\/8591"}],"wp:attachment":[{"href":"https:\/\/preventiss-co.fr\/index.php\/wp-json\/wp\/v2\/media?parent=4878"}],"curies":[{"name":"wp","href":"https:\/\/api.w.org\/{rel}","templated":true}]}}