{"id":4539,"date":"2023-02-17T12:02:43","date_gmt":"2023-02-17T12:02:43","guid":{"rendered":"https:\/\/preventiss-co.fr\/?page_id=4539"},"modified":"2023-04-16T08:38:38","modified_gmt":"2023-04-16T08:38:38","slug":"nos-formateurs-partenaires","status":"publish","type":"page","link":"https:\/\/preventiss-co.fr\/index.php\/nos-formateurs-partenaires\/","title":{"rendered":"Nos formateurs partenaires"},"content":{"rendered":"\t\t<div data-elementor-type=\"wp-page\" data-elementor-id=\"4539\" class=\"elementor elementor-4539\">\n\t\t\t\t\t\t<section class=\"elementor-section elementor-top-section elementor-element elementor-element-ec6b6b6 elementor-section-stretched elementor-section-boxed elementor-section-height-default elementor-section-height-default\" data-id=\"ec6b6b6\" data-element_type=\"section\" data-e-type=\"section\" data-settings=\"{&quot;stretch_section&quot;:&quot;section-stretched&quot;}\">\n\t\t\t\t\t\t<div class=\"elementor-container elementor-column-gap-default\">\n\t\t\t\t\t<div class=\"elementor-column elementor-col-100 elementor-top-column elementor-element elementor-element-8188f26\" data-id=\"8188f26\" data-element_type=\"column\" data-e-type=\"column\">\n\t\t\t<div class=\"elementor-widget-wrap elementor-element-populated\">\n\t\t\t\t\t\t<div class=\"elementor-element elementor-element-4a20a8e elementor-widget elementor-widget-heading\" data-id=\"4a20a8e\" data-element_type=\"widget\" data-e-type=\"widget\" data-widget_type=\"heading.default\">\n\t\t\t\t<div class=\"elementor-widget-container\">\n\t\t\t\t\t<h1 class=\"elementor-heading-title elementor-size-default\">NOS FORMATEURS PARTENAIRES<\/h1>\t\t\t\t<\/div>\n\t\t\t\t<\/div>\n\t\t\t\t\t<\/div>\n\t\t<\/div>\n\t\t\t\t\t<\/div>\n\t\t<\/section>\n\t\t\t\t<section class=\"elementor-section elementor-top-section elementor-element elementor-element-ee746b3 elementor-section-stretched elementor-section-boxed elementor-section-height-default elementor-section-height-default\" data-id=\"ee746b3\" data-element_type=\"section\" data-e-type=\"section\" data-settings=\"{&quot;stretch_section&quot;:&quot;section-stretched&quot;}\">\n\t\t\t\t\t\t<div class=\"elementor-container elementor-column-gap-default\">\n\t\t\t\t\t<div class=\"elementor-column elementor-col-50 elementor-top-column elementor-element elementor-element-930b651\" data-id=\"930b651\" data-element_type=\"column\" data-e-type=\"column\" data-settings=\"{&quot;background_background&quot;:&quot;classic&quot;}\">\n\t\t\t<div class=\"elementor-widget-wrap elementor-element-populated\">\n\t\t\t\t\t\t<div class=\"elementor-element elementor-element-4ebed62 elementor-widget elementor-widget-image\" data-id=\"4ebed62\" data-element_type=\"widget\" data-e-type=\"widget\" data-widget_type=\"image.default\">\n\t\t\t\t<div class=\"elementor-widget-container\">\n\t\t\t\t\t\t\t\t\t\t\t\t\t\t\t<img fetchpriority=\"high\" decoding=\"async\" width=\"768\" height=\"1024\" src=\"https:\/\/preventiss-co.fr\/wp-content\/uploads\/2023\/02\/Photo-Wilfrid-LHERBRET-Noir-et-Blanc-768x1024.jpg\" class=\"attachment-large size-large wp-image-4712\" alt=\"\" srcset=\"https:\/\/preventiss-co.fr\/wp-content\/uploads\/2023\/02\/Photo-Wilfrid-LHERBRET-Noir-et-Blanc-768x1024.jpg 768w, https:\/\/preventiss-co.fr\/wp-content\/uploads\/2023\/02\/Photo-Wilfrid-LHERBRET-Noir-et-Blanc-225x300.jpg 225w, https:\/\/preventiss-co.fr\/wp-content\/uploads\/2023\/02\/Photo-Wilfrid-LHERBRET-Noir-et-Blanc-1152x1536.jpg 1152w, https:\/\/preventiss-co.fr\/wp-content\/uploads\/2023\/02\/Photo-Wilfrid-LHERBRET-Noir-et-Blanc-1536x2048.jpg 1536w, https:\/\/preventiss-co.fr\/wp-content\/uploads\/2023\/02\/Photo-Wilfrid-LHERBRET-Noir-et-Blanc-scaled.jpg 1920w\" sizes=\"(max-width: 768px) 100vw, 768px\" \/>\t\t\t\t\t\t\t\t\t\t\t\t\t\t\t<\/div>\n\t\t\t\t<\/div>\n\t\t\t\t<div class=\"elementor-element elementor-element-6d9d31b elementor-invisible elementor-widget elementor-widget-heading\" data-id=\"6d9d31b\" data-element_type=\"widget\" data-e-type=\"widget\" data-settings=\"{&quot;_animation&quot;:&quot;fadeInLeft&quot;}\" data-widget_type=\"heading.default\">\n\t\t\t\t<div class=\"elementor-widget-container\">\n\t\t\t\t\t<h2 class=\"elementor-heading-title elementor-size-default\">Wilfrid LHERBRET<\/h2>\t\t\t\t<\/div>\n\t\t\t\t<\/div>\n\t\t\t\t\t<\/div>\n\t\t<\/div>\n\t\t\t\t<div class=\"elementor-column elementor-col-50 elementor-top-column elementor-element elementor-element-819391d\" data-id=\"819391d\" data-element_type=\"column\" data-e-type=\"column\">\n\t\t\t<div class=\"elementor-widget-wrap elementor-element-populated\">\n\t\t\t\t\t\t<div class=\"elementor-element elementor-element-7a7c651 elementor-widget elementor-widget-text-editor\" data-id=\"7a7c651\" data-element_type=\"widget\" data-e-type=\"widget\" data-widget_type=\"text-editor.default\">\n\t\t\t\t<div class=\"elementor-widget-container\">\n\t\t\t\t\t\t\t\t\t<p>Je suis formateur en premiers secours depuis maintenant une vingtaine d&rsquo;ann\u00e9es, avec <strong>deux domaines privil\u00e9gi\u00e9s : la petite enfance et les travailleurs en situation de handicap.<\/strong><\/p><p>Je suis \u00e9galement <strong>formateur et animateur en \u00ab\u00a0b\u00e9b\u00e9 signe associ\u00e9 \u00e0 la parole<em>\u00a0\u00bb <\/em>depuis 5 ans<\/strong>. J&rsquo;ai \u00e9t\u00e9 form\u00e9 dans ce domaine par \u00c9lodie JUSSI\u00c8RE de \u00ab\u00a0Mes mains sign&rsquo; \u00a0\u00bb et Isabelle COTTENCEAU \u00ab\u00a0d&rsquo;\u00c9veil et signes\u00a0\u00bb.<\/p><p>J&rsquo;aime signer et je suis <strong>naturellement attir\u00e9 par tout ce qui peut contribuer \u00e0 un accompagnement bienveillant du jeune enfant<\/strong>.<\/p><p>Que ce soit aupr\u00e8s de <strong>parents, d&rsquo;assistantes maternelles ou de structures d&rsquo;accueil de la petite enfance<\/strong>, j&rsquo;interviens avec la m\u00eame passion et motivation.<\/p><p style=\"text-align: center;\"><strong>Au plaisir de vous rencontrer !<\/strong><\/p>\t\t\t\t\t\t\t\t<\/div>\n\t\t\t\t<\/div>\n\t\t\t\t\t<\/div>\n\t\t<\/div>\n\t\t\t\t\t<\/div>\n\t\t<\/section>\n\t\t\t\t<section class=\"elementor-section elementor-top-section elementor-element elementor-element-9475ec0 elementor-section-stretched elementor-reverse-mobile elementor-section-boxed elementor-section-height-default elementor-section-height-default\" data-id=\"9475ec0\" data-element_type=\"section\" data-e-type=\"section\" data-settings=\"{&quot;stretch_section&quot;:&quot;section-stretched&quot;}\">\n\t\t\t\t\t\t<div class=\"elementor-container elementor-column-gap-default\">\n\t\t\t\t\t<div class=\"elementor-column elementor-col-50 elementor-top-column elementor-element elementor-element-d945474\" data-id=\"d945474\" data-element_type=\"column\" data-e-type=\"column\" data-settings=\"{&quot;background_background&quot;:&quot;classic&quot;}\">\n\t\t\t<div class=\"elementor-widget-wrap elementor-element-populated\">\n\t\t\t\t\t\t<div class=\"elementor-element elementor-element-9f71dad elementor-widget elementor-widget-text-editor\" data-id=\"9f71dad\" data-element_type=\"widget\" data-e-type=\"widget\" data-widget_type=\"text-editor.default\">\n\t\t\t\t<div class=\"elementor-widget-container\">\n\t\t\t\t\t\t\t\t\t<p><strong>Aide-soignante par vocation<\/strong> depuis 1992, j&rsquo;ai d\u00e9velopp\u00e9 des <strong>qualit\u00e9s humaines telles que l&rsquo;\u00e9coute, la bienveillance, l&#8217;empathie<\/strong> ainsi que le sens du relationnel et l&rsquo;adaptabilit\u00e9.<\/p><p><strong>Depuis 2018, j&rsquo;ai d\u00e9couvert le domaine de la formation<\/strong> <strong>Sant\u00e9 S\u00e9curit\u00e9 au Travail et de la pr\u00e9vention des risques li\u00e9s \u00e0 l&rsquo;activit\u00e9 physique.<\/strong>\u00a0Ces nouvelles comp\u00e9tences s&rsquo;imbriquent avec celles acquises de part mon m\u00e9tier d&rsquo;aide-soignante, pour une <strong>transmission encore une plus compl\u00e8te.<\/strong><\/p><p>Par ailleurs, la formation reste pour moi un <strong>moment privil\u00e9gi\u00e9 d&rsquo;\u00e9change, de contact et de d\u00e9couverte<\/strong> que j&rsquo;aurai plaisir \u00e0 partager avec vous.<\/p><p>Enfin, comme vous le constaterez, l&rsquo;<strong>\u00e9nergie positive<\/strong> que je v\u00e9hicule permet d&rsquo;instaurer un bien-\u00eatre lors de mes formations.<\/p><p>Et parce que <strong>le bien-\u00eatre est important, pr\u00e9servons le en faisant de la pr\u00e9vention<\/strong>.<\/p>\t\t\t\t\t\t\t\t<\/div>\n\t\t\t\t<\/div>\n\t\t\t\t\t<\/div>\n\t\t<\/div>\n\t\t\t\t<div class=\"elementor-column elementor-col-50 elementor-top-column elementor-element elementor-element-f4e4c2c\" data-id=\"f4e4c2c\" data-element_type=\"column\" data-e-type=\"column\" data-settings=\"{&quot;background_background&quot;:&quot;classic&quot;}\">\n\t\t\t<div class=\"elementor-widget-wrap elementor-element-populated\">\n\t\t\t\t\t\t<div class=\"elementor-element elementor-element-b766aa0 e-transform e-transform elementor-widget elementor-widget-image\" data-id=\"b766aa0\" data-element_type=\"widget\" data-e-type=\"widget\" data-settings=\"{&quot;_transform_rotateZ_effect&quot;:{&quot;unit&quot;:&quot;px&quot;,&quot;size&quot;:&quot;&quot;,&quot;sizes&quot;:[]},&quot;_transform_rotateZ_effect_tablet&quot;:{&quot;unit&quot;:&quot;deg&quot;,&quot;size&quot;:&quot;&quot;,&quot;sizes&quot;:[]},&quot;_transform_rotateZ_effect_mobile&quot;:{&quot;unit&quot;:&quot;deg&quot;,&quot;size&quot;:&quot;&quot;,&quot;sizes&quot;:[]},&quot;_transform_translateX_effect&quot;:{&quot;unit&quot;:&quot;px&quot;,&quot;size&quot;:&quot;&quot;,&quot;sizes&quot;:[]},&quot;_transform_translateX_effect_tablet&quot;:{&quot;unit&quot;:&quot;px&quot;,&quot;size&quot;:&quot;&quot;,&quot;sizes&quot;:[]},&quot;_transform_translateX_effect_mobile&quot;:{&quot;unit&quot;:&quot;px&quot;,&quot;size&quot;:&quot;&quot;,&quot;sizes&quot;:[]},&quot;_transform_translateY_effect&quot;:{&quot;unit&quot;:&quot;px&quot;,&quot;size&quot;:&quot;&quot;,&quot;sizes&quot;:[]},&quot;_transform_translateY_effect_tablet&quot;:{&quot;unit&quot;:&quot;px&quot;,&quot;size&quot;:&quot;&quot;,&quot;sizes&quot;:[]},&quot;_transform_translateY_effect_mobile&quot;:{&quot;unit&quot;:&quot;px&quot;,&quot;size&quot;:&quot;&quot;,&quot;sizes&quot;:[]}}\" data-widget_type=\"image.default\">\n\t\t\t\t<div class=\"elementor-widget-container\">\n\t\t\t\t\t\t\t\t\t\t\t\t\t\t\t<img decoding=\"async\" width=\"546\" height=\"640\" src=\"https:\/\/preventiss-co.fr\/wp-content\/uploads\/2023\/02\/Photo-Nathalie-CARLE-NB.png\" class=\"attachment-large size-large wp-image-4766\" alt=\"\" srcset=\"https:\/\/preventiss-co.fr\/wp-content\/uploads\/2023\/02\/Photo-Nathalie-CARLE-NB.png 546w, https:\/\/preventiss-co.fr\/wp-content\/uploads\/2023\/02\/Photo-Nathalie-CARLE-NB-256x300.png 256w\" sizes=\"(max-width: 546px) 100vw, 546px\" \/>\t\t\t\t\t\t\t\t\t\t\t\t\t\t\t<\/div>\n\t\t\t\t<\/div>\n\t\t\t\t<div class=\"elementor-element elementor-element-c46c2f0 elementor-invisible elementor-widget elementor-widget-heading\" data-id=\"c46c2f0\" data-element_type=\"widget\" data-e-type=\"widget\" data-settings=\"{&quot;_animation&quot;:&quot;fadeInRight&quot;}\" data-widget_type=\"heading.default\">\n\t\t\t\t<div class=\"elementor-widget-container\">\n\t\t\t\t\t<h2 class=\"elementor-heading-title elementor-size-default\">Nathalie CARLE<\/h2>\t\t\t\t<\/div>\n\t\t\t\t<\/div>\n\t\t\t\t\t<\/div>\n\t\t<\/div>\n\t\t\t\t\t<\/div>\n\t\t<\/section>\n\t\t\t\t<\/div>\n\t\t","protected":false},"excerpt":{"rendered":"<p>NOS FORMATEURS PARTENAIRES Wilfrid LHERBRET Je suis formateur en premiers secours depuis maintenant une vingtaine d&rsquo;ann\u00e9es, avec deux domaines privil\u00e9gi\u00e9s : la petite enfance et les travailleurs en situation de handicap. Je suis \u00e9galement formateur et animateur en \u00ab\u00a0b\u00e9b\u00e9 signe associ\u00e9 \u00e0 la parole\u00a0\u00bb depuis 5 ans. J&rsquo;ai \u00e9t\u00e9 form\u00e9 dans ce domaine par \u00c9lodie [&hellip;]<\/p>\n","protected":false},"author":1,"featured_media":86,"parent":0,"menu_order":0,"comment_status":"closed","ping_status":"closed","template":"","meta":{"_seopress_robots_primary_cat":"","_seopress_titles_title":"Nos formateurs partenaires - Preventiss &amp; Co","_seopress_titles_desc":"Cliquez ici et d\u00e9couvrez les formateurs partenaires de notre organisme, pour qui la formation s&#039;exerce avec passion","_seopress_robots_index":"yes","ocean_post_layout":"","ocean_both_sidebars_style":"","ocean_both_sidebars_content_width":0,"ocean_both_sidebars_sidebars_width":0,"ocean_sidebar":"0","ocean_second_sidebar":"0","ocean_disable_margins":"enable","ocean_add_body_class":"","ocean_shortcode_before_top_bar":"","ocean_shortcode_after_top_bar":"","ocean_shortcode_before_header":"","ocean_shortcode_after_header":"","ocean_has_shortcode":"","ocean_shortcode_after_title":"","ocean_shortcode_before_footer_widgets":"","ocean_shortcode_after_footer_widgets":"","ocean_shortcode_before_footer_bottom":"","ocean_shortcode_after_footer_bottom":"","ocean_display_top_bar":"default","ocean_display_header":"default","ocean_header_style":"","ocean_center_header_left_menu":"0","ocean_custom_header_template":"0","ocean_custom_logo":0,"ocean_custom_retina_logo":0,"ocean_custom_logo_max_width":0,"ocean_custom_logo_tablet_max_width":0,"ocean_custom_logo_mobile_max_width":0,"ocean_custom_logo_max_height":0,"ocean_custom_logo_tablet_max_height":0,"ocean_custom_logo_mobile_max_height":0,"ocean_header_custom_menu":"0","ocean_menu_typo_font_family":"0","ocean_menu_typo_font_subset":"","ocean_menu_typo_font_size":0,"ocean_menu_typo_font_size_tablet":0,"ocean_menu_typo_font_size_mobile":0,"ocean_menu_typo_font_size_unit":"px","ocean_menu_typo_font_weight":"","ocean_menu_typo_font_weight_tablet":"","ocean_menu_typo_font_weight_mobile":"","ocean_menu_typo_transform":"","ocean_menu_typo_transform_tablet":"","ocean_menu_typo_transform_mobile":"","ocean_menu_typo_line_height":0,"ocean_menu_typo_line_height_tablet":0,"ocean_menu_typo_line_height_mobile":0,"ocean_menu_typo_line_height_unit":"","ocean_menu_typo_spacing":0,"ocean_menu_typo_spacing_tablet":0,"ocean_menu_typo_spacing_mobile":0,"ocean_menu_typo_spacing_unit":"","ocean_menu_link_color":"","ocean_menu_link_color_hover":"","ocean_menu_link_color_active":"","ocean_menu_link_background":"","ocean_menu_link_hover_background":"","ocean_menu_link_active_background":"","ocean_menu_social_links_bg":"","ocean_menu_social_hover_links_bg":"","ocean_menu_social_links_color":"","ocean_menu_social_hover_links_color":"","ocean_disable_title":"default","ocean_disable_heading":"default","ocean_post_title":"","ocean_post_subheading":"","ocean_post_title_style":"","ocean_post_title_background_color":"","ocean_post_title_background":0,"ocean_post_title_bg_image_position":"","ocean_post_title_bg_image_attachment":"","ocean_post_title_bg_image_repeat":"","ocean_post_title_bg_image_size":"","ocean_post_title_height":0,"ocean_post_title_bg_overlay":0.5,"ocean_post_title_bg_overlay_color":"","ocean_disable_breadcrumbs":"default","ocean_breadcrumbs_color":"","ocean_breadcrumbs_separator_color":"","ocean_breadcrumbs_links_color":"","ocean_breadcrumbs_links_hover_color":"","ocean_display_footer_widgets":"default","ocean_display_footer_bottom":"default","ocean_custom_footer_template":"0","footnotes":""},"class_list":["post-4539","page","type-page","status-publish","has-post-thumbnail","hentry","entry","has-media"],"_links":{"self":[{"href":"https:\/\/preventiss-co.fr\/index.php\/wp-json\/wp\/v2\/pages\/4539","targetHints":{"allow":["GET"]}}],"collection":[{"href":"https:\/\/preventiss-co.fr\/index.php\/wp-json\/wp\/v2\/pages"}],"about":[{"href":"https:\/\/preventiss-co.fr\/index.php\/wp-json\/wp\/v2\/types\/page"}],"author":[{"embeddable":true,"href":"https:\/\/preventiss-co.fr\/index.php\/wp-json\/wp\/v2\/users\/1"}],"replies":[{"embeddable":true,"href":"https:\/\/preventiss-co.fr\/index.php\/wp-json\/wp\/v2\/comments?post=4539"}],"version-history":[{"count":83,"href":"https:\/\/preventiss-co.fr\/index.php\/wp-json\/wp\/v2\/pages\/4539\/revisions"}],"predecessor-version":[{"id":7547,"href":"https:\/\/preventiss-co.fr\/index.php\/wp-json\/wp\/v2\/pages\/4539\/revisions\/7547"}],"wp:featuredmedia":[{"embeddable":true,"href":"https:\/\/preventiss-co.fr\/index.php\/wp-json\/wp\/v2\/media\/86"}],"wp:attachment":[{"href":"https:\/\/preventiss-co.fr\/index.php\/wp-json\/wp\/v2\/media?parent=4539"}],"curies":[{"name":"wp","href":"https:\/\/api.w.org\/{rel}","templated":true}]}}